{"id":2525,"date":"2026-04-07T19:50:11","date_gmt":"2026-04-07T19:50:11","guid":{"rendered":"https:\/\/www.agencelumina.com\/?post_type=product&#038;p=2525"},"modified":"2026-04-20T15:22:35","modified_gmt":"2026-04-20T15:22:35","slug":"formation-7-oct-2026","status":"publish","type":"product","link":"https:\/\/www.agencelumina.com\/en\/product\/formation-7-oct-2026\/","title":{"rendered":"Montr\u00e9al \u2013 7 octobre 2026 | Formation Comm\/Photo pour OBNL"},"content":{"rendered":"<p>Apr\u00e8s plus de 5 ans \u00e0 accompagner des OBNL, un constat revient souvent : vous passez d\u00e9j\u00e0 beaucoup (ou m\u00eame trop!) de temps \u00e0 planifier vos r\u00e9seaux sociaux sans obtenir les fruits de votre dur labeur. (Ah mis\u00e8re! Les r\u00e9seaux sociaux et les infolettres!)<\/p>\n<p>C\u2019est de l\u00e0 qu\u2019est n\u00e9 notre projet-pilote de formation d\u2019une journ\u00e9e pens\u00e9 <strong><i>pour<\/i><\/strong> le milieu communautaire, pour rendre vos \u00e9quipes plus autonomes, plus efficaces\u2026 et plus confiantes dans ce qu\u2019elles publient en y ajoutant une touche humaine et swell (allo et merci \u00e0 Alex Champagne!)<\/p>\n<h4><b>Au menu de la journ\u00e9e<br \/>\n<\/b><b><\/b><b><\/b><\/h4>\n<p><b>AM : Cr\u00e9er du contenu sans vouloir vendre son \u00e2me<br \/>\n<\/b><b><\/b>Les bases des communications num\u00e9riques<br \/>\nSimplifier ses messages pour mieux rejoindre ses membres<br \/>\nCanva, sans se compliquer la vie<\/p>\n<p><b>PM : Atelier photo avec <\/b><a href=\"https:\/\/1fds.co\/\">Alexandre Champagne<\/a><\/p>\n<p>Un moment privil\u00e9gi\u00e9 avec un photographe reconnu pour son regard humain et authentique. Alex vous proposera une approche accessible et d\u00e9complex\u00e9e de la photo : comment capter le vrai et cr\u00e9er des images qui vont rendre jaloux vos partenaires\u2026 m\u00eame avec un cell!<\/p>\n<h4><b>Pour qui ?<\/b><\/h4>\n<p>Les personnes qui portent les communications en OBNL (souvent en plus de mille autres t\u00e2ches).<span class=\"Apple-converted-space\">\u00a0<\/span><\/p>\n<h4><\/h4>\n<h4><b>Derri\u00e8re ce projet :<\/b><b><\/b><\/h4>\n<p>Je suis Marie-Pierre, ex-intervenante sociale pendant 15 ans dans le milieu communautaire. J\u2019ai travaill\u00e9 sur le terrain, sur des tables de concertation, souvent avec la responsabilit\u00e9 des communications en \u00ab autre t\u00e2che connexe \u00bb. Pis j\u2019ai pogn\u00e9 la piqure. Apr\u00e8s un retour aux \u00e9tudes en comm, j\u2019ai parti mon Agence pour OBNL.<\/p>\n<p>Pour cette \u00e9dition pilote, j\u2019ai la chance d\u2019\u00eatre accompagn\u00e9e par <b>Alexandre Champagne<\/b>, photographe, entrepreneur et cofondateur de Trois fois par jour et de la Fondation CIEL. Reconnu pour son regard sensible et son approche profond\u00e9ment humaine, il apporte une dimension unique \u00e0 cette formation, mais surtout, ultra pratique pour vos \u00e9quipes! Avec un brin de rigolade, cela va sans dire.<\/p>","protected":false},"excerpt":{"rendered":"<p>Formation pour OBNL! Plus besoin de d\u00e9moniser les communications et la cr\u00e9ation de contenu sur vos r\u00e9seaux sociaux. On vous offre en AM un atelier sur les bases des communications num\u00e9riques, la simplicit\u00e9 dans vos messages pour mieux rejoindre vos membres et l\u2019ABC de l\u2019univers de Canva.<br \/>\nEn PM, la populaire formation photo d\u2019Alexandre Champagne pour apprendre \u00e0 prendre de belles photos durant vos activit\u00e9s, avec votre cell!<br \/>\nY\u2019a pas \u00e0 dire, c\u2019est un investissement pour vos communications de tous les jours!<\/p>","protected":false},"featured_media":2541,"comment_status":"open","ping_status":"closed","template":"","meta":{"_et_pb_use_builder":"","_et_pb_old_content":"","_et_gb_content_width":""},"product_brand":[],"product_cat":[38],"product_tag":[],"class_list":{"0":"post-2525","1":"product","2":"type-product","3":"status-publish","4":"has-post-thumbnail","6":"product_cat-formation","8":"first","9":"instock","10":"virtual","11":"taxable","12":"purchasable","13":"product-type-simple"},"jetpack_sharing_enabled":true,"_links":{"self":[{"href":"https:\/\/www.agencelumina.com\/en\/wp-json\/wp\/v2\/product\/2525","targetHints":{"allow":["GET"]}}],"collection":[{"href":"https:\/\/www.agencelumina.com\/en\/wp-json\/wp\/v2\/product"}],"about":[{"href":"https:\/\/www.agencelumina.com\/en\/wp-json\/wp\/v2\/types\/product"}],"replies":[{"embeddable":true,"href":"https:\/\/www.agencelumina.com\/en\/wp-json\/wp\/v2\/comments?post=2525"}],"wp:featuredmedia":[{"embeddable":true,"href":"https:\/\/www.agencelumina.com\/en\/wp-json\/wp\/v2\/media\/2541"}],"wp:attachment":[{"href":"https:\/\/www.agencelumina.com\/en\/wp-json\/wp\/v2\/media?parent=2525"}],"wp:term":[{"taxonomy":"product_brand","embeddable":true,"href":"https:\/\/www.agencelumina.com\/en\/wp-json\/wp\/v2\/product_brand?post=2525"},{"taxonomy":"product_cat","embeddable":true,"href":"https:\/\/www.agencelumina.com\/en\/wp-json\/wp\/v2\/product_cat?post=2525"},{"taxonomy":"product_tag","embeddable":true,"href":"https:\/\/www.agencelumina.com\/en\/wp-json\/wp\/v2\/product_tag?post=2525"}],"curies":[{"name":"wp","href":"https:\/\/api.w.org\/{rel}","templated":true}]}}